{"id":8,"date":"2019-04-05T15:38:13","date_gmt":"2019-04-05T18:38:13","guid":{"rendered":"http:\/\/www.victorvincentvalla.com.br\/wp\/?page_id=8"},"modified":"2019-08-02T16:03:46","modified_gmt":"2019-08-02T19:03:46","slug":"home","status":"publish","type":"page","link":"https:\/\/www.victorvincentvalla.com.br\/en_us\/","title":{"rendered":"Victor Vincent Valla"},"content":{"rendered":"<h3 class=\"wp-block-heading\">In memoriam<\/h3>\n\n\n\n<h1 class=\"wp-block-heading\">Victor Vincent Valla<\/h1>\n\n\n\n<p class=\"lead\">This (oficial) website aims to gather the production of Victor Vincent Vallas beliefs, so it can be accessed by all of those who, in some way, are interested in his theoretical work and large contribution to popular education.<\/p>\n\n\n\n<p>Victor Valla was an educator, researcher, theoric, intellectual and activist. He was worried not only with social inequality and poverty in Brazil, but with what the popular social classes can teach us.<\/p>\n\n\n\n<p>Joining this production was no easy task. It is extensive, many times having its elaboration process shared, and intertwining itself through different \u00e1reas of knowledge. Many of the projects are not digitalised, mainly the older ones. This way, the website is a work in progress, allowing for the inclusion of new texts and articles, with no deadline to come to an end. <\/p>\n\n\n\n<p>As he would have liked.<\/p>\n\n\n\n<p><a class=\"button full-width\" href=\"https:\/\/www.victorvincentvalla.com.br\/en_us\/quem-foi-victor-valla\/\">Who was Victor Valla<\/a><\/p>","protected":false},"excerpt":{"rendered":"<p>In memoriam Victor Vincent Valla Este site (oficial) tem como proposta juntar a produ\u00e7\u00e3o do pensamento de Victor Vincent Valla, para que possa ser acessada por todos que de alguma maneira, se interessam por sua obra te\u00f3rica e variada contribui\u00e7\u00e3o \u00e0 educa\u00e7\u00e3o popular. Victor Valla foi um educador, pesquisador, te\u00f3rico, intelectual e ativista, preocupado n\u00e3o [&hellip;]<\/p>","protected":false},"author":1,"featured_media":0,"parent":0,"menu_order":0,"comment_status":"closed","ping_status":"closed","template":"front-page.php","meta":{"_acf_changed":false,"footnotes":""},"class_list":["post-8","page","type-page","status-publish","hentry"],"acf":[],"yoast_head":"<!-- This site is optimized with the Yoast SEO plugin v27.2 - https:\/\/yoast.com\/product\/yoast-seo-wordpress\/ -->\n<title>Victor Vincent Valla - Victor Vincent Valla<\/title>\n<meta name=\"description\" content=\"Site oficial - in memoriam - de Victor Vincent Valla, educador, pesquisador, te\u00f3rico, intelectual e ativista, que se dedicou a estudar a pobreza no Brasil.\" \/>\n<meta name=\"robots\" content=\"index, follow, max-snippet:-1, max-image-preview:large, max-video-preview:-1\" \/>\n<link rel=\"canonical\" href=\"https:\/\/www.victorvincentvalla.com.br\/en_us\/\" \/>\n<meta property=\"og:locale\" content=\"en_US\" \/>\n<meta property=\"og:type\" content=\"article\" \/>\n<meta property=\"og:title\" content=\"Victor Vincent Valla - Victor Vincent Valla\" \/>\n<meta property=\"og:description\" content=\"Site oficial - in memoriam - de Victor Vincent Valla, educador, pesquisador, te\u00f3rico, intelectual e ativista, que se dedicou a estudar a pobreza no Brasil.\" \/>\n<meta property=\"og:url\" content=\"https:\/\/www.victorvincentvalla.com.br\/en_us\/\" \/>\n<meta property=\"og:site_name\" content=\"Victor Vincent Valla\" \/>\n<meta property=\"article:modified_time\" content=\"2019-08-02T19:03:46+00:00\" \/>\n<meta property=\"og:image\" content=\"https:\/\/i1.wp.com\/www.victorvincentvalla.com.br\/wp-content\/uploads\/victor-vicent-valla-fb.jpg?fit=1200%2C551&ssl=1\" \/>\n\t<meta property=\"og:image:width\" content=\"1200\" \/>\n\t<meta property=\"og:image:height\" content=\"551\" \/>\n\t<meta property=\"og:image:type\" content=\"image\/jpeg\" \/>\n<meta name=\"twitter:card\" content=\"summary_large_image\" \/>\n<meta name=\"twitter:image\" content=\"https:\/\/i0.wp.com\/www.victorvincentvalla.com.br\/wp-content\/uploads\/victor-vicent-valla-fb.jpg?fit=1200%2C551&ssl=1\" \/>\n<meta name=\"twitter:label1\" content=\"Est. reading time\" \/>\n\t<meta name=\"twitter:data1\" content=\"1 minute\" \/>\n<script type=\"application\/ld+json\" class=\"yoast-schema-graph\">{\"@context\":\"https:\/\/schema.org\",\"@graph\":[{\"@type\":\"WebPage\",\"@id\":\"https:\/\/www.victorvincentvalla.com.br\/\",\"url\":\"https:\/\/www.victorvincentvalla.com.br\/\",\"name\":\"Victor Vincent Valla - Victor Vincent Valla\",\"isPartOf\":{\"@id\":\"https:\/\/www.victorvincentvalla.com.br\/#website\"},\"datePublished\":\"2019-04-05T18:38:13+00:00\",\"dateModified\":\"2019-08-02T19:03:46+00:00\",\"description\":\"Site oficial - in memoriam - de Victor Vincent Valla, educador, pesquisador, te\u00f3rico, intelectual e ativista, que se dedicou a estudar a pobreza no Brasil.\",\"breadcrumb\":{\"@id\":\"https:\/\/www.victorvincentvalla.com.br\/#breadcrumb\"},\"inLanguage\":\"en-US\",\"potentialAction\":[{\"@type\":\"ReadAction\",\"target\":[\"https:\/\/www.victorvincentvalla.com.br\/\"]}]},{\"@type\":\"BreadcrumbList\",\"@id\":\"https:\/\/www.victorvincentvalla.com.br\/#breadcrumb\",\"itemListElement\":[{\"@type\":\"ListItem\",\"position\":1,\"name\":\"In\u00edcio\",\"item\":\"https:\/\/www.victorvincentvalla.com.br\/\"},{\"@type\":\"ListItem\",\"position\":2,\"name\":\"Victor Vincent Valla\"}]},{\"@type\":\"WebSite\",\"@id\":\"https:\/\/www.victorvincentvalla.com.br\/#website\",\"url\":\"https:\/\/www.victorvincentvalla.com.br\/\",\"name\":\"Victor Vincent Valla\",\"description\":\"Site oficial - in memoriam - de Victor Vincent Valla, educador, pesquisador, te\u00f3rico, intelectual e ativista, que se dedicou a estudar a pobreza no Brasil.\",\"potentialAction\":[{\"@type\":\"SearchAction\",\"target\":{\"@type\":\"EntryPoint\",\"urlTemplate\":\"https:\/\/www.victorvincentvalla.com.br\/?s={search_term_string}\"},\"query-input\":{\"@type\":\"PropertyValueSpecification\",\"valueRequired\":true,\"valueName\":\"search_term_string\"}}],\"inLanguage\":\"en-US\"}]}<\/script>\n<!-- \/ Yoast SEO plugin. -->","yoast_head_json":{"title":"Victor Vincent Valla - Victor Vincent Valla","description":"Site oficial - in memoriam - de Victor Vincent Valla, educador, pesquisador, te\u00f3rico, intelectual e ativista, que se dedicou a estudar a pobreza no Brasil.","robots":{"index":"index","follow":"follow","max-snippet":"max-snippet:-1","max-image-preview":"max-image-preview:large","max-video-preview":"max-video-preview:-1"},"canonical":"https:\/\/www.victorvincentvalla.com.br\/en_us\/","og_locale":"en_US","og_type":"article","og_title":"Victor Vincent Valla - Victor Vincent Valla","og_description":"Site oficial - in memoriam - de Victor Vincent Valla, educador, pesquisador, te\u00f3rico, intelectual e ativista, que se dedicou a estudar a pobreza no Brasil.","og_url":"https:\/\/www.victorvincentvalla.com.br\/en_us\/","og_site_name":"Victor Vincent Valla","article_modified_time":"2019-08-02T19:03:46+00:00","og_image":[{"width":1200,"height":551,"url":"https:\/\/i1.wp.com\/www.victorvincentvalla.com.br\/wp-content\/uploads\/victor-vicent-valla-fb.jpg?fit=1200%2C551&ssl=1","type":"image\/jpeg"}],"twitter_card":"summary_large_image","twitter_image":"https:\/\/i0.wp.com\/www.victorvincentvalla.com.br\/wp-content\/uploads\/victor-vicent-valla-fb.jpg?fit=1200%2C551&ssl=1","twitter_misc":{"Est. reading time":"1 minute"},"schema":{"@context":"https:\/\/schema.org","@graph":[{"@type":"WebPage","@id":"https:\/\/www.victorvincentvalla.com.br\/","url":"https:\/\/www.victorvincentvalla.com.br\/","name":"Victor Vincent Valla - Victor Vincent Valla","isPartOf":{"@id":"https:\/\/www.victorvincentvalla.com.br\/#website"},"datePublished":"2019-04-05T18:38:13+00:00","dateModified":"2019-08-02T19:03:46+00:00","description":"Site oficial - in memoriam - de Victor Vincent Valla, educador, pesquisador, te\u00f3rico, intelectual e ativista, que se dedicou a estudar a pobreza no Brasil.","breadcrumb":{"@id":"https:\/\/www.victorvincentvalla.com.br\/#breadcrumb"},"inLanguage":"en-US","potentialAction":[{"@type":"ReadAction","target":["https:\/\/www.victorvincentvalla.com.br\/"]}]},{"@type":"BreadcrumbList","@id":"https:\/\/www.victorvincentvalla.com.br\/#breadcrumb","itemListElement":[{"@type":"ListItem","position":1,"name":"In\u00edcio","item":"https:\/\/www.victorvincentvalla.com.br\/"},{"@type":"ListItem","position":2,"name":"Victor Vincent Valla"}]},{"@type":"WebSite","@id":"https:\/\/www.victorvincentvalla.com.br\/#website","url":"https:\/\/www.victorvincentvalla.com.br\/","name":"Victor Vincent Valla","description":"Site oficial - in memoriam - de Victor Vincent Valla, educador, pesquisador, te\u00f3rico, intelectual e ativista, que se dedicou a estudar a pobreza no Brasil.","potentialAction":[{"@type":"SearchAction","target":{"@type":"EntryPoint","urlTemplate":"https:\/\/www.victorvincentvalla.com.br\/?s={search_term_string}"},"query-input":{"@type":"PropertyValueSpecification","valueRequired":true,"valueName":"search_term_string"}}],"inLanguage":"en-US"}]}},"jetpack_sharing_enabled":true,"_links":{"self":[{"href":"https:\/\/www.victorvincentvalla.com.br\/en_us\/wp-json\/wp\/v2\/pages\/8","targetHints":{"allow":["GET"]}}],"collection":[{"href":"https:\/\/www.victorvincentvalla.com.br\/en_us\/wp-json\/wp\/v2\/pages"}],"about":[{"href":"https:\/\/www.victorvincentvalla.com.br\/en_us\/wp-json\/wp\/v2\/types\/page"}],"author":[{"embeddable":true,"href":"https:\/\/www.victorvincentvalla.com.br\/en_us\/wp-json\/wp\/v2\/users\/1"}],"replies":[{"embeddable":true,"href":"https:\/\/www.victorvincentvalla.com.br\/en_us\/wp-json\/wp\/v2\/comments?post=8"}],"version-history":[{"count":30,"href":"https:\/\/www.victorvincentvalla.com.br\/en_us\/wp-json\/wp\/v2\/pages\/8\/revisions"}],"predecessor-version":[{"id":1055,"href":"https:\/\/www.victorvincentvalla.com.br\/en_us\/wp-json\/wp\/v2\/pages\/8\/revisions\/1055"}],"wp:attachment":[{"href":"https:\/\/www.victorvincentvalla.com.br\/en_us\/wp-json\/wp\/v2\/media?parent=8"}],"curies":[{"name":"wp","href":"https:\/\/api.w.org\/{rel}","templated":true}]}}