{"id":23,"date":"2019-04-09T13:25:29","date_gmt":"2019-04-09T16:25:29","guid":{"rendered":"http:\/\/www.victorvincentvalla.com.br\/wp\/?page_id=23"},"modified":"2019-06-04T12:27:32","modified_gmt":"2019-06-04T15:27:32","slug":"cepel","status":"publish","type":"page","link":"https:\/\/www.victorvincentvalla.com.br\/en_us\/cepel\/","title":{"rendered":"CEPEL"},"content":{"rendered":"<div class=\"wp-block-columns has-2-columns is-layout-flex wp-container-core-columns-is-layout-9d6595d7 wp-block-columns-is-layout-flex\">\n<div class=\"wp-block-column is-layout-flow wp-block-column-is-layout-flow\">\n<p class=\"lead drop-cap translation-block\"><strong>CEPEL - Centro de Estudos e Pesquisas da Leopoldina<\/strong> (Center of Study and Research of Leopoldina) is a non-profit and non-governmental organization that is cross-party, cross-religious and a state entity of public use. It was created in 1988 (1988-2006) with the objective to supply aids for the population of the Leopoldina area and, in particular, to the social movements organized in this region that aimed for better life conditions.  Funded by professionals of the National School of Public Health (ENSP\/Fiocruz) and lead by the researchers Victor Vincent Valla and Eduardo Stotz together with popular leaders of the Leopoldina region, for as long as it functioned, CEPEL permanently kept up with the paths of the lower class population that inhabited this area. In this perspective, it would be a non-governmental organization that offers systematic technical aid to organized popular groups, in its search to press government to spend public money primarily around the basic necessities (such as sanitation, medical assistance and quality public education) of the majority of the population, that being the lower social classes.<\/p>\n\n\n\n<p>There were years of coexistence with the population of favelas from the area, with health agents whose development resulted on the production of a Informational System of Local Level ( Sistema de Informa\u00e7\u00e3o a N\u00edvel Local \u2013 SINAL), the creation of an<\/p>\n<\/div>\n\n\n\n<div class=\"wp-block-column is-layout-flow wp-block-column-is-layout-flow\">\n<p style=\"text-align:left\">archive of indicators who considered the life experience of the population, registering and systematizing the informations for the consultation of the population itself. The idea was to empower the organized social movements, that focused , for example, on the fought for the rights of quality water going to the water tank of the houses every day.<\/p>\n\n\n\n<p>Between other activities, CEPEL has: <\/p>\n\n\n\n<ul class=\"wp-block-list\"><li>Registered documents, kept and disclosed the CED-VIDA - Centro de Documenta\u00e7\u00e3o sobre as condi\u00e7\u00f5es de vida da Leopoldina; (Center of documentation about the life conditions of Leopoldina);<\/li><li>Permanently updates the registry of entities and groups that acted in the area of popular education and health in Leopoldina;<\/li><li>Edited and published trimestrale the tabloid \u201cSE LIGA NO SINAL\u201d and the thematic folder \u201cCADERNO S\u201d;<\/li><li>Worked on the creation of partnerships with organized groups through advice and technical support;<\/li><li>Was seated at the District Health Council of AP.3.1.<\/li><\/ul>\n<\/div>\n<\/div>\n\n\n\n<p style=\"text-align:left\"> Veja artigo de Eduardo Stotz intitulado \u201c<a href=\"https:\/\/www.victorvincentvalla.com.br\/wp-content\/uploads\/artigo-sobre-Victor-Valla-para-Interface.pdf\">Entre a Academia e a Rua<\/a>\u201d. <\/p>","protected":false},"excerpt":{"rendered":"<p>O CEPEL \u2013 Centro de Estudos e Pesquisas da Leopoldina, organiza\u00e7\u00e3o n\u00e3o governamental, entidade sem fins lucrativos, suprapartid\u00e1ria, supra religiosa,de utilidade p\u00fablica estadual, &nbsp;foi criado em 1988 (1988-2006) com o objetivo de fornecer subs\u00eddios para a popula\u00e7\u00e3o da regi\u00e3o da Leopoldina e, em particular, para os movimentos organizados desta mesma regi\u00e3o que procuravam melhorar suas [&hellip;]<\/p>","protected":false},"author":1,"featured_media":0,"parent":0,"menu_order":0,"comment_status":"closed","ping_status":"closed","template":"page-cepel.php","meta":{"_acf_changed":false,"footnotes":""},"class_list":["post-23","page","type-page","status-publish","hentry"],"acf":[],"yoast_head":"<!-- This site is optimized with the Yoast SEO plugin v27.2 - https:\/\/yoast.com\/product\/yoast-seo-wordpress\/ -->\n<title>CEPEL - Victor Vincent Valla<\/title>\n<meta name=\"robots\" content=\"index, follow, max-snippet:-1, max-image-preview:large, max-video-preview:-1\" \/>\n<link rel=\"canonical\" href=\"https:\/\/www.victorvincentvalla.com.br\/en_us\/cepel\/\" \/>\n<meta property=\"og:locale\" content=\"en_US\" \/>\n<meta property=\"og:type\" content=\"article\" \/>\n<meta property=\"og:title\" content=\"CEPEL - Victor Vincent Valla\" \/>\n<meta property=\"og:description\" content=\"O CEPEL \u2013 Centro de Estudos e Pesquisas da Leopoldina, organiza\u00e7\u00e3o n\u00e3o governamental, entidade sem fins lucrativos, suprapartid\u00e1ria, supra religiosa,de utilidade p\u00fablica estadual, &nbsp;foi criado em 1988 (1988-2006) com o objetivo de fornecer subs\u00eddios para a popula\u00e7\u00e3o da regi\u00e3o da Leopoldina e, em particular, para os movimentos organizados desta mesma regi\u00e3o que procuravam melhorar suas [&hellip;]\" \/>\n<meta property=\"og:url\" content=\"https:\/\/www.victorvincentvalla.com.br\/en_us\/cepel\/\" \/>\n<meta property=\"og:site_name\" content=\"Victor Vincent Valla\" \/>\n<meta property=\"article:modified_time\" content=\"2019-06-04T15:27:32+00:00\" \/>\n<meta property=\"og:image\" content=\"https:\/\/i1.wp.com\/www.victorvincentvalla.com.br\/wp-content\/uploads\/victor-vicent-valla-fb.jpg?fit=1200%2C551&ssl=1\" \/>\n\t<meta property=\"og:image:width\" content=\"1200\" \/>\n\t<meta property=\"og:image:height\" content=\"551\" \/>\n\t<meta property=\"og:image:type\" content=\"image\/jpeg\" \/>\n<meta name=\"twitter:card\" content=\"summary_large_image\" \/>\n<meta name=\"twitter:image\" content=\"https:\/\/i0.wp.com\/www.victorvincentvalla.com.br\/wp-content\/uploads\/victor-vicent-valla-fb.jpg?fit=1200%2C551&ssl=1\" \/>\n<meta name=\"twitter:label1\" content=\"Est. reading time\" \/>\n\t<meta name=\"twitter:data1\" content=\"2 minutes\" \/>\n<script type=\"application\/ld+json\" class=\"yoast-schema-graph\">{\"@context\":\"https:\/\/schema.org\",\"@graph\":[{\"@type\":\"WebPage\",\"@id\":\"https:\/\/www.victorvincentvalla.com.br\/cepel\/\",\"url\":\"https:\/\/www.victorvincentvalla.com.br\/cepel\/\",\"name\":\"CEPEL - Victor Vincent Valla\",\"isPartOf\":{\"@id\":\"https:\/\/www.victorvincentvalla.com.br\/#website\"},\"datePublished\":\"2019-04-09T16:25:29+00:00\",\"dateModified\":\"2019-06-04T15:27:32+00:00\",\"breadcrumb\":{\"@id\":\"https:\/\/www.victorvincentvalla.com.br\/cepel\/#breadcrumb\"},\"inLanguage\":\"en-US\",\"potentialAction\":[{\"@type\":\"ReadAction\",\"target\":[\"https:\/\/www.victorvincentvalla.com.br\/cepel\/\"]}]},{\"@type\":\"BreadcrumbList\",\"@id\":\"https:\/\/www.victorvincentvalla.com.br\/cepel\/#breadcrumb\",\"itemListElement\":[{\"@type\":\"ListItem\",\"position\":1,\"name\":\"In\u00edcio\",\"item\":\"https:\/\/www.victorvincentvalla.com.br\/\"},{\"@type\":\"ListItem\",\"position\":2,\"name\":\"CEPEL\"}]},{\"@type\":\"WebSite\",\"@id\":\"https:\/\/www.victorvincentvalla.com.br\/#website\",\"url\":\"https:\/\/www.victorvincentvalla.com.br\/\",\"name\":\"Victor Vincent Valla\",\"description\":\"Site oficial - in memoriam - de Victor Vincent Valla, educador, pesquisador, te\u00f3rico, intelectual e ativista, que se dedicou a estudar a pobreza no Brasil.\",\"potentialAction\":[{\"@type\":\"SearchAction\",\"target\":{\"@type\":\"EntryPoint\",\"urlTemplate\":\"https:\/\/www.victorvincentvalla.com.br\/?s={search_term_string}\"},\"query-input\":{\"@type\":\"PropertyValueSpecification\",\"valueRequired\":true,\"valueName\":\"search_term_string\"}}],\"inLanguage\":\"en-US\"}]}<\/script>\n<!-- \/ Yoast SEO plugin. -->","yoast_head_json":{"title":"CEPEL - Victor Vincent Valla","robots":{"index":"index","follow":"follow","max-snippet":"max-snippet:-1","max-image-preview":"max-image-preview:large","max-video-preview":"max-video-preview:-1"},"canonical":"https:\/\/www.victorvincentvalla.com.br\/en_us\/cepel\/","og_locale":"en_US","og_type":"article","og_title":"CEPEL - Victor Vincent Valla","og_description":"O CEPEL \u2013 Centro de Estudos e Pesquisas da Leopoldina, organiza\u00e7\u00e3o n\u00e3o governamental, entidade sem fins lucrativos, suprapartid\u00e1ria, supra religiosa,de utilidade p\u00fablica estadual, &nbsp;foi criado em 1988 (1988-2006) com o objetivo de fornecer subs\u00eddios para a popula\u00e7\u00e3o da regi\u00e3o da Leopoldina e, em particular, para os movimentos organizados desta mesma regi\u00e3o que procuravam melhorar suas [&hellip;]","og_url":"https:\/\/www.victorvincentvalla.com.br\/en_us\/cepel\/","og_site_name":"Victor Vincent Valla","article_modified_time":"2019-06-04T15:27:32+00:00","og_image":[{"width":1200,"height":551,"url":"https:\/\/i1.wp.com\/www.victorvincentvalla.com.br\/wp-content\/uploads\/victor-vicent-valla-fb.jpg?fit=1200%2C551&ssl=1","type":"image\/jpeg"}],"twitter_card":"summary_large_image","twitter_image":"https:\/\/i0.wp.com\/www.victorvincentvalla.com.br\/wp-content\/uploads\/victor-vicent-valla-fb.jpg?fit=1200%2C551&ssl=1","twitter_misc":{"Est. reading time":"2 minutes"},"schema":{"@context":"https:\/\/schema.org","@graph":[{"@type":"WebPage","@id":"https:\/\/www.victorvincentvalla.com.br\/cepel\/","url":"https:\/\/www.victorvincentvalla.com.br\/cepel\/","name":"CEPEL - Victor Vincent Valla","isPartOf":{"@id":"https:\/\/www.victorvincentvalla.com.br\/#website"},"datePublished":"2019-04-09T16:25:29+00:00","dateModified":"2019-06-04T15:27:32+00:00","breadcrumb":{"@id":"https:\/\/www.victorvincentvalla.com.br\/cepel\/#breadcrumb"},"inLanguage":"en-US","potentialAction":[{"@type":"ReadAction","target":["https:\/\/www.victorvincentvalla.com.br\/cepel\/"]}]},{"@type":"BreadcrumbList","@id":"https:\/\/www.victorvincentvalla.com.br\/cepel\/#breadcrumb","itemListElement":[{"@type":"ListItem","position":1,"name":"In\u00edcio","item":"https:\/\/www.victorvincentvalla.com.br\/"},{"@type":"ListItem","position":2,"name":"CEPEL"}]},{"@type":"WebSite","@id":"https:\/\/www.victorvincentvalla.com.br\/#website","url":"https:\/\/www.victorvincentvalla.com.br\/","name":"Victor Vincent Valla","description":"Site oficial - in memoriam - de Victor Vincent Valla, educador, pesquisador, te\u00f3rico, intelectual e ativista, que se dedicou a estudar a pobreza no Brasil.","potentialAction":[{"@type":"SearchAction","target":{"@type":"EntryPoint","urlTemplate":"https:\/\/www.victorvincentvalla.com.br\/?s={search_term_string}"},"query-input":{"@type":"PropertyValueSpecification","valueRequired":true,"valueName":"search_term_string"}}],"inLanguage":"en-US"}]}},"jetpack_sharing_enabled":true,"_links":{"self":[{"href":"https:\/\/www.victorvincentvalla.com.br\/en_us\/wp-json\/wp\/v2\/pages\/23","targetHints":{"allow":["GET"]}}],"collection":[{"href":"https:\/\/www.victorvincentvalla.com.br\/en_us\/wp-json\/wp\/v2\/pages"}],"about":[{"href":"https:\/\/www.victorvincentvalla.com.br\/en_us\/wp-json\/wp\/v2\/types\/page"}],"author":[{"embeddable":true,"href":"https:\/\/www.victorvincentvalla.com.br\/en_us\/wp-json\/wp\/v2\/users\/1"}],"replies":[{"embeddable":true,"href":"https:\/\/www.victorvincentvalla.com.br\/en_us\/wp-json\/wp\/v2\/comments?post=23"}],"version-history":[{"count":31,"href":"https:\/\/www.victorvincentvalla.com.br\/en_us\/wp-json\/wp\/v2\/pages\/23\/revisions"}],"predecessor-version":[{"id":1038,"href":"https:\/\/www.victorvincentvalla.com.br\/en_us\/wp-json\/wp\/v2\/pages\/23\/revisions\/1038"}],"wp:attachment":[{"href":"https:\/\/www.victorvincentvalla.com.br\/en_us\/wp-json\/wp\/v2\/media?parent=23"}],"curies":[{"name":"wp","href":"https:\/\/api.w.org\/{rel}","templated":true}]}}