{"id":12,"date":"2019-04-05T15:44:28","date_gmt":"2019-04-05T18:44:28","guid":{"rendered":"http:\/\/www.victorvincentvalla.com.br\/wp\/?page_id=12"},"modified":"2019-06-04T12:33:14","modified_gmt":"2019-06-04T15:33:14","slug":"para-compreender-o-pensamento-de-victor-valla","status":"publish","type":"page","link":"https:\/\/www.victorvincentvalla.com.br\/en_us\/para-compreender-o-pensamento-de-victor-valla\/","title":{"rendered":"To Understand Victor Valla"},"content":{"rendered":"<p class=\"lead drop-cap bg-green\">Here are available the texts and publications of professionals that met, studied or worked with Valla. Each one, in their own way, contributed with their observations to the comprehension of how Valla developed its theory and action on the field of popular education. An unexpected way to gather knowledge and practices, in order to reach a belief that was very unique and innovating when it came to forming and expressing, facilitating the understanding inside and outside the academic world. Besides that, here you can access interviews given by Valla, that focus on his way of thinking and acting together to popular collectives. <\/p>","protected":false},"excerpt":{"rendered":"<p>Aqui se encontram textos e publica\u00e7\u00f5es de profissionais que conheceram, estudaram ou trabalharam com Valla. Cada um, a seu modo, contribui com suas observa\u00e7\u00f5es para compreens\u00e3o de como Valla desenvolve seu pensamento e sua atua\u00e7\u00e3o junto ao campo da educa\u00e7\u00e3o popular. Uma maneira inusitada de juntar saberes e pr\u00e1ticas, para chegar a um pensamento muito [&hellip;]<\/p>","protected":false},"author":1,"featured_media":0,"parent":0,"menu_order":0,"comment_status":"closed","ping_status":"closed","template":"","meta":{"_acf_changed":false,"footnotes":""},"class_list":["post-12","page","type-page","status-publish","hentry"],"acf":[],"yoast_head":"<!-- This site is optimized with the Yoast SEO plugin v27.2 - https:\/\/yoast.com\/product\/yoast-seo-wordpress\/ -->\n<title>Para compreender o pensamento de Victor Valla - Victor Vincent Valla<\/title>\n<meta name=\"robots\" content=\"index, follow, max-snippet:-1, max-image-preview:large, max-video-preview:-1\" \/>\n<link rel=\"canonical\" href=\"https:\/\/www.victorvincentvalla.com.br\/en_us\/para-compreender-o-pensamento-de-victor-valla\/\" \/>\n<meta property=\"og:locale\" content=\"en_US\" \/>\n<meta property=\"og:type\" content=\"article\" \/>\n<meta property=\"og:title\" content=\"Para compreender o pensamento de Victor Valla - Victor Vincent Valla\" \/>\n<meta property=\"og:description\" content=\"Aqui se encontram textos e publica\u00e7\u00f5es de profissionais que conheceram, estudaram ou trabalharam com Valla. Cada um, a seu modo, contribui com suas observa\u00e7\u00f5es para compreens\u00e3o de como Valla desenvolve seu pensamento e sua atua\u00e7\u00e3o junto ao campo da educa\u00e7\u00e3o popular. Uma maneira inusitada de juntar saberes e pr\u00e1ticas, para chegar a um pensamento muito [&hellip;]\" \/>\n<meta property=\"og:url\" content=\"https:\/\/www.victorvincentvalla.com.br\/en_us\/para-compreender-o-pensamento-de-victor-valla\/\" \/>\n<meta property=\"og:site_name\" content=\"Victor Vincent Valla\" \/>\n<meta property=\"article:modified_time\" content=\"2019-06-04T15:33:14+00:00\" \/>\n<meta property=\"og:image\" content=\"https:\/\/i1.wp.com\/www.victorvincentvalla.com.br\/wp-content\/uploads\/victor-vicent-valla-fb.jpg?fit=1200%2C551&ssl=1\" \/>\n\t<meta property=\"og:image:width\" content=\"1200\" \/>\n\t<meta property=\"og:image:height\" content=\"551\" \/>\n\t<meta property=\"og:image:type\" content=\"image\/jpeg\" \/>\n<meta name=\"twitter:card\" content=\"summary_large_image\" \/>\n<meta name=\"twitter:image\" content=\"https:\/\/i0.wp.com\/www.victorvincentvalla.com.br\/wp-content\/uploads\/victor-vicent-valla-fb.jpg?fit=1200%2C551&ssl=1\" \/>\n<meta name=\"twitter:label1\" content=\"Est. reading time\" \/>\n\t<meta name=\"twitter:data1\" content=\"1 minute\" \/>\n<script type=\"application\/ld+json\" class=\"yoast-schema-graph\">{\"@context\":\"https:\/\/schema.org\",\"@graph\":[{\"@type\":\"WebPage\",\"@id\":\"https:\/\/www.victorvincentvalla.com.br\/para-compreender-o-pensamento-de-victor-valla\/\",\"url\":\"https:\/\/www.victorvincentvalla.com.br\/para-compreender-o-pensamento-de-victor-valla\/\",\"name\":\"Para compreender o pensamento de Victor Valla - Victor Vincent Valla\",\"isPartOf\":{\"@id\":\"https:\/\/www.victorvincentvalla.com.br\/#website\"},\"datePublished\":\"2019-04-05T18:44:28+00:00\",\"dateModified\":\"2019-06-04T15:33:14+00:00\",\"breadcrumb\":{\"@id\":\"https:\/\/www.victorvincentvalla.com.br\/para-compreender-o-pensamento-de-victor-valla\/#breadcrumb\"},\"inLanguage\":\"en-US\",\"potentialAction\":[{\"@type\":\"ReadAction\",\"target\":[\"https:\/\/www.victorvincentvalla.com.br\/para-compreender-o-pensamento-de-victor-valla\/\"]}]},{\"@type\":\"BreadcrumbList\",\"@id\":\"https:\/\/www.victorvincentvalla.com.br\/para-compreender-o-pensamento-de-victor-valla\/#breadcrumb\",\"itemListElement\":[{\"@type\":\"ListItem\",\"position\":1,\"name\":\"In\u00edcio\",\"item\":\"https:\/\/www.victorvincentvalla.com.br\/\"},{\"@type\":\"ListItem\",\"position\":2,\"name\":\"Para compreender o pensamento de Victor Valla\"}]},{\"@type\":\"WebSite\",\"@id\":\"https:\/\/www.victorvincentvalla.com.br\/#website\",\"url\":\"https:\/\/www.victorvincentvalla.com.br\/\",\"name\":\"Victor Vincent Valla\",\"description\":\"Site oficial - in memoriam - de Victor Vincent Valla, educador, pesquisador, te\u00f3rico, intelectual e ativista, que se dedicou a estudar a pobreza no Brasil.\",\"potentialAction\":[{\"@type\":\"SearchAction\",\"target\":{\"@type\":\"EntryPoint\",\"urlTemplate\":\"https:\/\/www.victorvincentvalla.com.br\/?s={search_term_string}\"},\"query-input\":{\"@type\":\"PropertyValueSpecification\",\"valueRequired\":true,\"valueName\":\"search_term_string\"}}],\"inLanguage\":\"en-US\"}]}<\/script>\n<!-- \/ Yoast SEO plugin. -->","yoast_head_json":{"title":"Para compreender o pensamento de Victor Valla - Victor Vincent Valla","robots":{"index":"index","follow":"follow","max-snippet":"max-snippet:-1","max-image-preview":"max-image-preview:large","max-video-preview":"max-video-preview:-1"},"canonical":"https:\/\/www.victorvincentvalla.com.br\/en_us\/para-compreender-o-pensamento-de-victor-valla\/","og_locale":"en_US","og_type":"article","og_title":"Para compreender o pensamento de Victor Valla - Victor Vincent Valla","og_description":"Aqui se encontram textos e publica\u00e7\u00f5es de profissionais que conheceram, estudaram ou trabalharam com Valla. Cada um, a seu modo, contribui com suas observa\u00e7\u00f5es para compreens\u00e3o de como Valla desenvolve seu pensamento e sua atua\u00e7\u00e3o junto ao campo da educa\u00e7\u00e3o popular. Uma maneira inusitada de juntar saberes e pr\u00e1ticas, para chegar a um pensamento muito [&hellip;]","og_url":"https:\/\/www.victorvincentvalla.com.br\/en_us\/para-compreender-o-pensamento-de-victor-valla\/","og_site_name":"Victor Vincent Valla","article_modified_time":"2019-06-04T15:33:14+00:00","og_image":[{"width":1200,"height":551,"url":"https:\/\/i1.wp.com\/www.victorvincentvalla.com.br\/wp-content\/uploads\/victor-vicent-valla-fb.jpg?fit=1200%2C551&ssl=1","type":"image\/jpeg"}],"twitter_card":"summary_large_image","twitter_image":"https:\/\/i0.wp.com\/www.victorvincentvalla.com.br\/wp-content\/uploads\/victor-vicent-valla-fb.jpg?fit=1200%2C551&ssl=1","twitter_misc":{"Est. reading time":"1 minute"},"schema":{"@context":"https:\/\/schema.org","@graph":[{"@type":"WebPage","@id":"https:\/\/www.victorvincentvalla.com.br\/para-compreender-o-pensamento-de-victor-valla\/","url":"https:\/\/www.victorvincentvalla.com.br\/para-compreender-o-pensamento-de-victor-valla\/","name":"Para compreender o pensamento de Victor Valla - Victor Vincent Valla","isPartOf":{"@id":"https:\/\/www.victorvincentvalla.com.br\/#website"},"datePublished":"2019-04-05T18:44:28+00:00","dateModified":"2019-06-04T15:33:14+00:00","breadcrumb":{"@id":"https:\/\/www.victorvincentvalla.com.br\/para-compreender-o-pensamento-de-victor-valla\/#breadcrumb"},"inLanguage":"en-US","potentialAction":[{"@type":"ReadAction","target":["https:\/\/www.victorvincentvalla.com.br\/para-compreender-o-pensamento-de-victor-valla\/"]}]},{"@type":"BreadcrumbList","@id":"https:\/\/www.victorvincentvalla.com.br\/para-compreender-o-pensamento-de-victor-valla\/#breadcrumb","itemListElement":[{"@type":"ListItem","position":1,"name":"In\u00edcio","item":"https:\/\/www.victorvincentvalla.com.br\/"},{"@type":"ListItem","position":2,"name":"Para compreender o pensamento de Victor Valla"}]},{"@type":"WebSite","@id":"https:\/\/www.victorvincentvalla.com.br\/#website","url":"https:\/\/www.victorvincentvalla.com.br\/","name":"Victor Vincent Valla","description":"Site oficial - in memoriam - de Victor Vincent Valla, educador, pesquisador, te\u00f3rico, intelectual e ativista, que se dedicou a estudar a pobreza no Brasil.","potentialAction":[{"@type":"SearchAction","target":{"@type":"EntryPoint","urlTemplate":"https:\/\/www.victorvincentvalla.com.br\/?s={search_term_string}"},"query-input":{"@type":"PropertyValueSpecification","valueRequired":true,"valueName":"search_term_string"}}],"inLanguage":"en-US"}]}},"jetpack_sharing_enabled":true,"_links":{"self":[{"href":"https:\/\/www.victorvincentvalla.com.br\/en_us\/wp-json\/wp\/v2\/pages\/12","targetHints":{"allow":["GET"]}}],"collection":[{"href":"https:\/\/www.victorvincentvalla.com.br\/en_us\/wp-json\/wp\/v2\/pages"}],"about":[{"href":"https:\/\/www.victorvincentvalla.com.br\/en_us\/wp-json\/wp\/v2\/types\/page"}],"author":[{"embeddable":true,"href":"https:\/\/www.victorvincentvalla.com.br\/en_us\/wp-json\/wp\/v2\/users\/1"}],"replies":[{"embeddable":true,"href":"https:\/\/www.victorvincentvalla.com.br\/en_us\/wp-json\/wp\/v2\/comments?post=12"}],"version-history":[{"count":6,"href":"https:\/\/www.victorvincentvalla.com.br\/en_us\/wp-json\/wp\/v2\/pages\/12\/revisions"}],"predecessor-version":[{"id":1030,"href":"https:\/\/www.victorvincentvalla.com.br\/en_us\/wp-json\/wp\/v2\/pages\/12\/revisions\/1030"}],"wp:attachment":[{"href":"https:\/\/www.victorvincentvalla.com.br\/en_us\/wp-json\/wp\/v2\/media?parent=12"}],"curies":[{"name":"wp","href":"https:\/\/api.w.org\/{rel}","templated":true}]}}